{"id":2441,"date":"2019-07-03T08:20:35","date_gmt":"2019-07-03T08:20:35","guid":{"rendered":"https:\/\/realmonasterioderueda.es\/lenvironnement\/"},"modified":"2024-07-26T18:45:17","modified_gmt":"2024-07-26T18:45:17","slug":"lenvironnement","status":"publish","type":"page","link":"https:\/\/realmonasterioderueda.es\/fr\/lenvironnement\/","title":{"rendered":"L&rsquo;environnement"},"content":{"rendered":"\t\t<div data-elementor-type=\"wp-post\" data-elementor-id=\"2441\" class=\"elementor elementor-2441 elementor-17\" data-elementor-post-type=\"page\">\n\t\t\t\t\t\t<section class=\"elementor-section elementor-top-section elementor-element elementor-element-69fea78 elementor-section-height-min-height elementor-section-items-stretch elementor-section-full_width elementor-section-stretched elementor-reverse-mobile elementor-section-height-default\" data-id=\"69fea78\" data-element_type=\"section\" data-settings=\"{&quot;background_background&quot;:&quot;classic&quot;,&quot;stretch_section&quot;:&quot;section-stretched&quot;}\">\n\t\t\t\t\t\t<div class=\"elementor-container elementor-column-gap-default\">\n\t\t\t\t\t<div class=\"elementor-column elementor-col-50 elementor-top-column elementor-element elementor-element-c1a8c59\" data-id=\"c1a8c59\" data-element_type=\"column\" data-settings=\"{&quot;background_background&quot;:&quot;classic&quot;}\">\n\t\t\t<div class=\"elementor-widget-wrap elementor-element-populated\">\n\t\t\t\t\t\t<div class=\"elementor-element elementor-element-e7e089c elementor-widget elementor-widget-heading\" data-id=\"e7e089c\" data-element_type=\"widget\" data-widget_type=\"heading.default\">\n\t\t\t\t<div class=\"elementor-widget-container\">\n\t\t\t\t\t<p class=\"elementor-heading-title elementor-size-default\">Monast\u00e8re Royal de Rueda<\/p>\t\t\t\t<\/div>\n\t\t\t\t<\/div>\n\t\t\t\t<div class=\"elementor-element elementor-element-45f8932 elementor-widget elementor-widget-text-editor\" data-id=\"45f8932\" data-element_type=\"widget\" data-widget_type=\"text-editor.default\">\n\t\t\t\t<div class=\"elementor-widget-container\">\n\t\t\t\t\t\t\t\t\t<p>L&rsquo;eau et la terre, les for\u00eats luxuriantes et le silence&#8230; tels sont les \u00e9l\u00e9ments que les moines en robe blanche recherchent lorsqu&rsquo;ils fondent un monast\u00e8re. Le monast\u00e8re royal de Nuestra Se\u00f1ora de Rueda se trouve sur le chemin de l&rsquo;\u00c8bre, sur la route qui relie les villes nobles de S\u00e1stago et Escatr\u00f3n.<\/p>\n<p>L&rsquo;\u00c8bre nous offre de formidables panoramas en traversant ces villages riverains. Empruntez la <a href=\"https:\/\/www.turismodearagon.com\/aragon\/un-paseo-por-los-miradores-del-ebro\/\">route des points de vue de l&rsquo;\u00c8bre<\/a> et contemplez les magnifiques vues sur les galachos, les bosquets, les m\u00e9andres, les for\u00eats riveraines, les marais et les grandes zones irrigu\u00e9es.<\/p>\n\t\t\t\t\t\t\t\t<\/div>\n\t\t\t\t<\/div>\n\t\t\t\t\t<\/div>\n\t\t<\/div>\n\t\t\t\t<div class=\"elementor-column elementor-col-50 elementor-top-column elementor-element elementor-element-ee9e7d3\" data-id=\"ee9e7d3\" data-element_type=\"column\" data-settings=\"{&quot;background_background&quot;:&quot;classic&quot;,&quot;background_motion_fx_translateY_effect&quot;:&quot;yes&quot;,&quot;background_motion_fx_translateY_direction&quot;:&quot;negative&quot;,&quot;background_motion_fx_translateY_speed&quot;:{&quot;unit&quot;:&quot;px&quot;,&quot;size&quot;:&quot;3&quot;,&quot;sizes&quot;:[]},&quot;background_motion_fx_motion_fx_scrolling&quot;:&quot;yes&quot;,&quot;background_motion_fx_devices&quot;:[&quot;desktop&quot;],&quot;background_motion_fx_translateY_affectedRange&quot;:{&quot;unit&quot;:&quot;%&quot;,&quot;size&quot;:&quot;&quot;,&quot;sizes&quot;:{&quot;start&quot;:0,&quot;end&quot;:100}}}\">\n\t\t\t<div class=\"elementor-widget-wrap elementor-element-populated\">\n\t\t\t\t\t\t<div class=\"elementor-element elementor-element-034db75 elementor-widget elementor-widget-spacer\" data-id=\"034db75\" data-element_type=\"widget\" data-widget_type=\"spacer.default\">\n\t\t\t\t<div class=\"elementor-widget-container\">\n\t\t\t\t\t\t\t<div class=\"elementor-spacer\">\n\t\t\t<div class=\"elementor-spacer-inner\"><\/div>\n\t\t<\/div>\n\t\t\t\t\t\t<\/div>\n\t\t\t\t<\/div>\n\t\t\t\t\t<\/div>\n\t\t<\/div>\n\t\t\t\t\t<\/div>\n\t\t<\/section>\n\t\t\t\t<section class=\"elementor-section elementor-top-section elementor-element elementor-element-2006160 elementor-section-boxed elementor-section-height-default elementor-section-height-default\" data-id=\"2006160\" data-element_type=\"section\" data-settings=\"{&quot;background_background&quot;:&quot;classic&quot;}\">\n\t\t\t\t\t\t<div class=\"elementor-container elementor-column-gap-default\">\n\t\t\t\t\t<div class=\"elementor-column elementor-col-50 elementor-top-column elementor-element elementor-element-7682f41\" data-id=\"7682f41\" data-element_type=\"column\">\n\t\t\t<div class=\"elementor-widget-wrap elementor-element-populated\">\n\t\t\t\t\t\t<div class=\"elementor-element elementor-element-d22e495 elementor-widget elementor-widget-heading\" data-id=\"d22e495\" data-element_type=\"widget\" data-widget_type=\"heading.default\">\n\t\t\t\t<div class=\"elementor-widget-container\">\n\t\t\t\t\t<h2 class=\"elementor-heading-title elementor-size-default\">Colonia Celsa, la premi\u00e8re ville de la vall\u00e9e de l'Ebre<\/h2>\t\t\t\t<\/div>\n\t\t\t\t<\/div>\n\t\t\t\t\t<\/div>\n\t\t<\/div>\n\t\t\t\t<div class=\"elementor-column elementor-col-50 elementor-top-column elementor-element elementor-element-dc6d0c1\" data-id=\"dc6d0c1\" data-element_type=\"column\">\n\t\t\t<div class=\"elementor-widget-wrap elementor-element-populated\">\n\t\t\t\t\t\t<div class=\"elementor-element elementor-element-7c2e6d2 elementor-widget elementor-widget-text-editor\" data-id=\"7c2e6d2\" data-element_type=\"widget\" data-widget_type=\"text-editor.default\">\n\t\t\t\t<div class=\"elementor-widget-container\">\n\t\t\t\t\t\t\t\t\t<p>Les Romains \u00e9taient d\u00e9j\u00e0 conscients de la richesse et de l&rsquo;attrait de ces terres et y ont construit la premi\u00e8re ville de la vall\u00e9e de l&rsquo;\u00c8bre : <strong>Colonia Celsa<\/strong>. \u00c0\u00a0<a href=\"https:\/\/www.turismodearagon.com\/ficha\/velilla-de-ebro\/\"><strong>Velilla de Ebro<\/strong><\/a>, vous pourrez vous promener parmi les vestiges de cette ancienne ville romaine.<\/p>\n\t\t\t\t\t\t\t\t<\/div>\n\t\t\t\t<\/div>\n\t\t\t\t\t<\/div>\n\t\t<\/div>\n\t\t\t\t\t<\/div>\n\t\t<\/section>\n\t\t\t\t<section class=\"elementor-section elementor-top-section elementor-element elementor-element-db095f7 elementor-section-full_width elementor-section-height-default elementor-section-height-default\" data-id=\"db095f7\" data-element_type=\"section\">\n\t\t\t\t\t\t<div class=\"elementor-container elementor-column-gap-default\">\n\t\t\t\t\t<div class=\"elementor-column elementor-col-33 elementor-top-column elementor-element elementor-element-d8cff56\" data-id=\"d8cff56\" data-element_type=\"column\">\n\t\t\t<div class=\"elementor-widget-wrap elementor-element-populated\">\n\t\t\t\t\t\t<div class=\"elementor-element elementor-element-f907ddf elementor-widget elementor-widget-heading\" data-id=\"f907ddf\" data-element_type=\"widget\" data-widget_type=\"heading.default\">\n\t\t\t\t<div class=\"elementor-widget-container\">\n\t\t\t\t\t<h2 class=\"elementor-heading-title elementor-size-default\">Peuples pr\u00e9romains et romanisation en Hispanie<\/h2>\t\t\t\t<\/div>\n\t\t\t\t<\/div>\n\t\t\t\t<div class=\"elementor-element elementor-element-3346382 elementor-widget elementor-widget-text-editor\" data-id=\"3346382\" data-element_type=\"widget\" data-widget_type=\"text-editor.default\">\n\t\t\t\t<div class=\"elementor-widget-container\">\n\t\t\t\t\t\t\t\t\t<p>Non loin de l\u00e0, \u00e0 Azaila, se trouve un autre des sites arch\u00e9ologiques les plus importants d&rsquo;Aragon, la ville ib\u00e9rique de <a href=\"https:\/\/www.turismodearagon.com\/ficha\/cabezo-de-alcala-azaila\/\"><strong>Cabezo de Alcal\u00e1<\/strong>.<\/a>Une promenade dans ses rues pav\u00e9es et la visite du centre d&rsquo;interpr\u00e9tation vous permettront de d\u00e9couvrir l&rsquo;histoire des peuples pr\u00e9romains et le ph\u00e9nom\u00e8ne de la romanisation en Hispanie.<\/p>\n<p>Si vous \u00eates amateur de randonn\u00e9e, vous appr\u00e9cierez le\u00a0 <a href=\"http:\/\/www.caminosnaturales.com\/ebro\/\">sentier naturel de l&rsquo;\u00c8bre (GR 99<\/a>), un sentier de grande randonn\u00e9e qui longe les rives de l&rsquo;\u00c8bre entre bosquets et m\u00e9andres.<\/p>\n\t\t\t\t\t\t\t\t<\/div>\n\t\t\t\t<\/div>\n\t\t\t\t\t<\/div>\n\t\t<\/div>\n\t\t\t\t<div class=\"elementor-column elementor-col-33 elementor-top-column elementor-element elementor-element-8e794e8\" data-id=\"8e794e8\" data-element_type=\"column\">\n\t\t\t<div class=\"elementor-widget-wrap elementor-element-populated\">\n\t\t\t\t\t\t<div class=\"elementor-element elementor-element-78d28b8 elementor-widget elementor-widget-image\" data-id=\"78d28b8\" data-element_type=\"widget\" data-settings=\"{&quot;sticky&quot;:&quot;top&quot;,&quot;sticky_on&quot;:[&quot;desktop&quot;],&quot;sticky_offset&quot;:30,&quot;sticky_effects_offset&quot;:30,&quot;sticky_parent&quot;:&quot;yes&quot;,&quot;sticky_anchor_link_offset&quot;:0}\" data-widget_type=\"image.default\">\n\t\t\t\t<div class=\"elementor-widget-container\">\n\t\t\t\t\t\t\t\t\t\t\t\t\t\t\t<img loading=\"lazy\" decoding=\"async\" width=\"756\" height=\"1024\" src=\"https:\/\/realmonasterioderueda.es\/wp-content\/uploads\/2020\/02\/Azaila-2-756x1024.jpg\" class=\"elementor-animation-float attachment-large size-large wp-image-2119\" alt=\"\" srcset=\"https:\/\/realmonasterioderueda.es\/wp-content\/uploads\/2020\/02\/Azaila-2-756x1024.jpg 756w, https:\/\/realmonasterioderueda.es\/wp-content\/uploads\/2020\/02\/Azaila-2-221x300.jpg 221w, https:\/\/realmonasterioderueda.es\/wp-content\/uploads\/2020\/02\/Azaila-2-768x1041.jpg 768w, https:\/\/realmonasterioderueda.es\/wp-content\/uploads\/2020\/02\/Azaila-2.jpg 800w\" sizes=\"auto, (max-width: 756px) 100vw, 756px\" \/>\t\t\t\t\t\t\t\t\t\t\t\t\t\t\t<\/div>\n\t\t\t\t<\/div>\n\t\t\t\t\t<\/div>\n\t\t<\/div>\n\t\t\t\t<div class=\"elementor-column elementor-col-33 elementor-top-column elementor-element elementor-element-953c10c\" data-id=\"953c10c\" data-element_type=\"column\">\n\t\t\t<div class=\"elementor-widget-wrap elementor-element-populated\">\n\t\t\t\t\t\t<div class=\"elementor-element elementor-element-7da9852 elementor-widget elementor-widget-image\" data-id=\"7da9852\" data-element_type=\"widget\" data-settings=\"{&quot;sticky&quot;:&quot;top&quot;,&quot;sticky_on&quot;:[&quot;desktop&quot;],&quot;sticky_offset&quot;:30,&quot;sticky_effects_offset&quot;:30,&quot;sticky_parent&quot;:&quot;yes&quot;,&quot;sticky_anchor_link_offset&quot;:0}\" data-widget_type=\"image.default\">\n\t\t\t\t<div class=\"elementor-widget-container\">\n\t\t\t\t\t\t\t\t\t\t\t\t\t\t\t<img loading=\"lazy\" decoding=\"async\" width=\"756\" height=\"1024\" src=\"https:\/\/realmonasterioderueda.es\/wp-content\/uploads\/2020\/02\/ribera-del-ebro-alborge-2-756x1024.jpg\" class=\"elementor-animation-float attachment-large size-large wp-image-2121\" alt=\"\" srcset=\"https:\/\/realmonasterioderueda.es\/wp-content\/uploads\/2020\/02\/ribera-del-ebro-alborge-2-756x1024.jpg 756w, https:\/\/realmonasterioderueda.es\/wp-content\/uploads\/2020\/02\/ribera-del-ebro-alborge-2-221x300.jpg 221w, https:\/\/realmonasterioderueda.es\/wp-content\/uploads\/2020\/02\/ribera-del-ebro-alborge-2-768x1041.jpg 768w, https:\/\/realmonasterioderueda.es\/wp-content\/uploads\/2020\/02\/ribera-del-ebro-alborge-2.jpg 800w\" sizes=\"auto, (max-width: 756px) 100vw, 756px\" \/>\t\t\t\t\t\t\t\t\t\t\t\t\t\t\t<\/div>\n\t\t\t\t<\/div>\n\t\t\t\t\t<\/div>\n\t\t<\/div>\n\t\t\t\t\t<\/div>\n\t\t<\/section>\n\t\t\t\t<section class=\"elementor-section elementor-top-section elementor-element elementor-element-e42eadf elementor-section-boxed elementor-section-height-default elementor-section-height-default\" data-id=\"e42eadf\" data-element_type=\"section\" data-settings=\"{&quot;background_background&quot;:&quot;classic&quot;}\">\n\t\t\t\t\t\t<div class=\"elementor-container elementor-column-gap-default\">\n\t\t\t\t\t<div class=\"elementor-column elementor-col-100 elementor-top-column elementor-element elementor-element-aefb7c4\" data-id=\"aefb7c4\" data-element_type=\"column\">\n\t\t\t<div class=\"elementor-widget-wrap elementor-element-populated\">\n\t\t\t\t\t\t<div class=\"elementor-element elementor-element-b48bf5f elementor-widget elementor-widget-heading\" data-id=\"b48bf5f\" data-element_type=\"widget\" data-widget_type=\"heading.default\">\n\t\t\t\t<div class=\"elementor-widget-container\">\n\t\t\t\t\t<h2 class=\"elementor-heading-title elementor-size-default\">NOUS VOUS PROPOSONS \u00c9GALEMENT QUELQUES VISITES \u00c0 MOINS D'UNE HEURE DE ROUTE DU MONAST\u00c8RE:<\/h2>\t\t\t\t<\/div>\n\t\t\t\t<\/div>\n\t\t\t\t<div class=\"elementor-element elementor-element-d16a579 elementor-widget elementor-widget-text-editor\" data-id=\"d16a579\" data-element_type=\"widget\" data-widget_type=\"text-editor.default\">\n\t\t\t\t<div class=\"elementor-widget-container\">\n\t\t\t\t\t\t\t\t\t<p>Nous vous proposons \u00e9galement quelques visites \u00e0 moins d&rsquo;une heure de route du monast\u00e8re: <a href=\"https:\/\/www.turismodearagon.com\/ficha\/alcaniz\/\"><strong>Alca\u00f1iz<\/strong><\/a>, couronn\u00e9e par son spectaculaire ch\u00e2teau de Calatrava, la <a href=\"https:\/\/www.turismodearagon.com\/ficha\/belchite\/\"><strong>vieille ville de Belchite<\/strong><\/a>, t\u00e9moignage vivant de la guerre civile, ou Calanda, ville natale du g\u00e9nial cin\u00e9aste Luis Bu\u00f1uel, o\u00f9 vous pourrez visiter le <a href=\"http:\/\/www.bunuelcalanda.com\/\"><strong>Centre Bu\u00f1uel Calanda<\/strong><\/a>. \u00c0 Caspe, vous ne pouvez pas manquer la magnifique <a href=\"https:\/\/www.turismodearagon.com\/ficha\/caspe\/\"><strong>coll\u00e9giale de Santa Mar\u00eda<\/strong> et<\/a>\u00e0 H\u00edjar, le mus\u00e9e de la Route des tambours et des basses du Bas-Aragon. <a href=\"https:\/\/rutadeltamborybombo.com\/sede-museo\/\"><strong>Mus\u00e9e de la route des tambours et des grosses caisses du Bas-Aragon.<\/strong>.<\/a><\/p>\n\t\t\t\t\t\t\t\t<\/div>\n\t\t\t\t<\/div>\n\t\t\t\t\t<\/div>\n\t\t<\/div>\n\t\t\t\t\t<\/div>\n\t\t<\/section>\n\t\t\t\t<section class=\"elementor-section elementor-top-section elementor-element elementor-element-464e7bc elementor-section-full_width elementor-section-height-default elementor-section-height-default\" data-id=\"464e7bc\" data-element_type=\"section\">\n\t\t\t\t\t\t<div class=\"elementor-container elementor-column-gap-wider\">\n\t\t\t\t\t<div class=\"elementor-column elementor-col-50 elementor-top-column elementor-element elementor-element-486e26e\" data-id=\"486e26e\" data-element_type=\"column\" data-settings=\"{&quot;background_background&quot;:&quot;classic&quot;}\">\n\t\t\t<div class=\"elementor-widget-wrap elementor-element-populated\">\n\t\t\t\t\t\t<div class=\"elementor-element elementor-element-a3b7f0f elementor-widget elementor-widget-spacer\" data-id=\"a3b7f0f\" data-element_type=\"widget\" data-widget_type=\"spacer.default\">\n\t\t\t\t<div class=\"elementor-widget-container\">\n\t\t\t\t\t\t\t<div class=\"elementor-spacer\">\n\t\t\t<div class=\"elementor-spacer-inner\"><\/div>\n\t\t<\/div>\n\t\t\t\t\t\t<\/div>\n\t\t\t\t<\/div>\n\t\t\t\t\t<\/div>\n\t\t<\/div>\n\t\t\t\t<div class=\"elementor-column elementor-col-50 elementor-top-column elementor-element elementor-element-315c2f8\" data-id=\"315c2f8\" data-element_type=\"column\" data-settings=\"{&quot;background_background&quot;:&quot;classic&quot;}\">\n\t\t\t<div class=\"elementor-widget-wrap elementor-element-populated\">\n\t\t\t\t\t\t<div class=\"elementor-element elementor-element-0e49b70 elementor-widget elementor-widget-spacer\" data-id=\"0e49b70\" data-element_type=\"widget\" data-widget_type=\"spacer.default\">\n\t\t\t\t<div class=\"elementor-widget-container\">\n\t\t\t\t\t\t\t<div class=\"elementor-spacer\">\n\t\t\t<div class=\"elementor-spacer-inner\"><\/div>\n\t\t<\/div>\n\t\t\t\t\t\t<\/div>\n\t\t\t\t<\/div>\n\t\t\t\t\t<\/div>\n\t\t<\/div>\n\t\t\t\t\t<\/div>\n\t\t<\/section>\n\t\t\t\t<\/div>\n\t\t","protected":false},"excerpt":{"rendered":"<p>Monast\u00e8re Royal de Rueda L&rsquo;eau et la terre, les for\u00eats luxuriantes et le silence&#8230; tels sont les \u00e9l\u00e9ments que les moines en robe blanche recherchent lorsqu&rsquo;ils fondent un monast\u00e8re. Le monast\u00e8re royal de Nuestra Se\u00f1ora de Rueda se trouve sur le chemin de l&rsquo;\u00c8bre, sur la route qui relie les villes nobles de S\u00e1stago et [&hellip;]<\/p>\n","protected":false},"author":2,"featured_media":2117,"parent":0,"menu_order":0,"comment_status":"closed","ping_status":"closed","template":"","meta":{"site-sidebar-layout":"no-sidebar","site-content-layout":"page-builder","ast-site-content-layout":"default","site-content-style":"default","site-sidebar-style":"default","ast-global-header-display":"","ast-banner-title-visibility":"","ast-main-header-display":"","ast-hfb-above-header-display":"","ast-hfb-below-header-display":"","ast-hfb-mobile-header-display":"","site-post-title":"disabled","ast-breadcrumbs-content":"","ast-featured-img":"disabled","footer-sml-layout":"","ast-disable-related-posts":"","theme-transparent-header-meta":"default","adv-header-id-meta":"","stick-header-meta":"default","header-above-stick-meta":"","header-main-stick-meta":"","header-below-stick-meta":"","astra-migrate-meta-layouts":"default","ast-page-background-enabled":"default","ast-page-background-meta":{"desktop":{"background-color":"","background-image":"","background-repeat":"repeat","background-position":"center center","background-size":"auto","background-attachment":"scroll","background-type":"","background-media":"","overlay-type":"","overlay-color":"","overlay-opacity":"","overlay-gradient":""},"tablet":{"background-color":"","background-image":"","background-repeat":"repeat","background-position":"center center","background-size":"auto","background-attachment":"scroll","background-type":"","background-media":"","overlay-type":"","overlay-color":"","overlay-opacity":"","overlay-gradient":""},"mobile":{"background-color":"","background-image":"","background-repeat":"repeat","background-position":"center center","background-size":"auto","background-attachment":"scroll","background-type":"","background-media":"","overlay-type":"","overlay-color":"","overlay-opacity":"","overlay-gradient":""}},"ast-content-background-meta":{"desktop":{"background-color":"var(--ast-global-color-5)","background-image":"","background-repeat":"repeat","background-position":"center center","background-size":"auto","background-attachment":"scroll","background-type":"","background-media":"","overlay-type":"","overlay-color":"","overlay-opacity":"","overlay-gradient":""},"tablet":{"background-color":"var(--ast-global-color-5)","background-image":"","background-repeat":"repeat","background-position":"center center","background-size":"auto","background-attachment":"scroll","background-type":"","background-media":"","overlay-type":"","overlay-color":"","overlay-opacity":"","overlay-gradient":""},"mobile":{"background-color":"var(--ast-global-color-5)","background-image":"","background-repeat":"repeat","background-position":"center center","background-size":"auto","background-attachment":"scroll","background-type":"","background-media":"","overlay-type":"","overlay-color":"","overlay-opacity":"","overlay-gradient":""}},"footnotes":""},"class_list":["post-2441","page","type-page","status-publish","has-post-thumbnail","hentry"],"_links":{"self":[{"href":"https:\/\/realmonasterioderueda.es\/fr\/wp-json\/wp\/v2\/pages\/2441","targetHints":{"allow":["GET"]}}],"collection":[{"href":"https:\/\/realmonasterioderueda.es\/fr\/wp-json\/wp\/v2\/pages"}],"about":[{"href":"https:\/\/realmonasterioderueda.es\/fr\/wp-json\/wp\/v2\/types\/page"}],"author":[{"embeddable":true,"href":"https:\/\/realmonasterioderueda.es\/fr\/wp-json\/wp\/v2\/users\/2"}],"replies":[{"embeddable":true,"href":"https:\/\/realmonasterioderueda.es\/fr\/wp-json\/wp\/v2\/comments?post=2441"}],"version-history":[{"count":0,"href":"https:\/\/realmonasterioderueda.es\/fr\/wp-json\/wp\/v2\/pages\/2441\/revisions"}],"wp:featuredmedia":[{"embeddable":true,"href":"https:\/\/realmonasterioderueda.es\/fr\/wp-json\/wp\/v2\/media\/2117"}],"wp:attachment":[{"href":"https:\/\/realmonasterioderueda.es\/fr\/wp-json\/wp\/v2\/media?parent=2441"}],"curies":[{"name":"wp","href":"https:\/\/api.w.org\/{rel}","templated":true}]}}